{"id":791,"date":"2020-06-10T12:17:46","date_gmt":"2020-06-10T12:17:46","guid":{"rendered":"http:\/\/splubiszewo.pl\/?page_id=791"},"modified":"2025-09-25T12:54:30","modified_gmt":"2025-09-25T12:54:30","slug":"egzamin-osmoklasisty","status":"publish","type":"page","link":"http:\/\/splubiszewo.pl\/?page_id=791","title":{"rendered":"EGZAMIN \u00d3SMOKLASISTY 2026 r."},"content":{"rendered":"\n<p>Poni\u017cej wa\u017cne informacje dotycz\u0105ce egzaminu \u00f3smoklasisty 2026.<\/p>\n\n\n\n<p>Zach\u0119camy do odwiedzania stron<\/p>\n\n\n\n<p>www.cke.gov.pl<\/p>\n\n\n\n<p>www.oke.gda.pl<\/p>\n\n\n\n<p><\/p>\n\n\n\n<p>Informacja o sposobie organizacji i przeprowadzania egzaminu \u00f3smoklasisty obowi\u0105zuj\u0105ca w roku szkolnym 2025\/2026<\/p>\n\n\n\n<div data-wp-interactive=\"core\/file\" class=\"wp-block-file\"><object data-wp-bind--hidden=\"!state.hasPdfPreview\" hidden class=\"wp-block-file__embed\" data=\"http:\/\/splubiszewo.pl\/wp-content\/uploads\/2025\/09\/20250820-E8-2026-Informacja.pdf\" type=\"application\/pdf\" style=\"width:100%;height:600px\" aria-label=\"Osadzone z 20250820 E8 2026 Informacja.\"><\/object><a id=\"wp-block-file--media-26c2b545-b0a9-4d98-8ef1-d06f1cc836f9\" href=\"http:\/\/splubiszewo.pl\/wp-content\/uploads\/2025\/09\/20250820-E8-2026-Informacja.pdf\">20250820 E8 2026 Informacja<\/a><a href=\"http:\/\/splubiszewo.pl\/wp-content\/uploads\/2025\/09\/20250820-E8-2026-Informacja.pdf\" class=\"wp-block-file__button wp-element-button\" download aria-describedby=\"wp-block-file--media-26c2b545-b0a9-4d98-8ef1-d06f1cc836f9\">Pobierz<\/a><\/div>\n\n\n\n<p>Komunikat dyrektora Centralnej Komisji Egzaminacyjnej z 20 sierpnia 2025 r. w sprawie szczeg\u00f3\u0142owych sposob\u00f3w dostosowania warunk\u00f3w i form przeprowadzania egzaminu \u00f3smoklasisty w roku szkolnym 2025\/2026<\/p>\n\n\n\n<div data-wp-interactive=\"core\/file\" class=\"wp-block-file\"><object data-wp-bind--hidden=\"!state.hasPdfPreview\" hidden class=\"wp-block-file__embed\" data=\"http:\/\/splubiszewo.pl\/wp-content\/uploads\/2025\/09\/20250820-E8-Komunikat-o-dostosowaniach-2026.pdf\" type=\"application\/pdf\" style=\"width:100%;height:600px\" aria-label=\"Osadzone z 20250820 E8 Komunikat o dostosowaniach 2026.\"><\/object><a id=\"wp-block-file--media-8fd9ca30-ce34-4bbd-af3f-628f50a386b3\" href=\"http:\/\/splubiszewo.pl\/wp-content\/uploads\/2025\/09\/20250820-E8-Komunikat-o-dostosowaniach-2026.pdf\">20250820 E8 Komunikat o dostosowaniach 2026<\/a><a href=\"http:\/\/splubiszewo.pl\/wp-content\/uploads\/2025\/09\/20250820-E8-Komunikat-o-dostosowaniach-2026.pdf\" class=\"wp-block-file__button wp-element-button\" download aria-describedby=\"wp-block-file--media-8fd9ca30-ce34-4bbd-af3f-628f50a386b3\">Pobierz<\/a><\/div>\n\n\n\n<p>Komunikat dyrektora Centralnej Komisji Egzaminacyjnej z 20 sierpnia 2025 r. w sprawie harmonogramu przeprowadzania egzaminu \u00f3smoklasisty w 2026 roku<\/p>\n\n\n\n<div data-wp-interactive=\"core\/file\" class=\"wp-block-file\"><object data-wp-bind--hidden=\"!state.hasPdfPreview\" hidden class=\"wp-block-file__embed\" data=\"http:\/\/splubiszewo.pl\/wp-content\/uploads\/2025\/09\/20250820-E8-EM-Komunikat-o-harmonogramie-2026.pdf\" type=\"application\/pdf\" style=\"width:100%;height:600px\" aria-label=\"Osadzone z 20250820 E8 EM Komunikat o harmonogramie 2026.\"><\/object><a id=\"wp-block-file--media-5209901b-e4bd-49a3-a9a8-e0e5e9b74ac2\" href=\"http:\/\/splubiszewo.pl\/wp-content\/uploads\/2025\/09\/20250820-E8-EM-Komunikat-o-harmonogramie-2026.pdf\">20250820 E8 EM Komunikat o harmonogramie 2026<\/a><a href=\"http:\/\/splubiszewo.pl\/wp-content\/uploads\/2025\/09\/20250820-E8-EM-Komunikat-o-harmonogramie-2026.pdf\" class=\"wp-block-file__button wp-element-button\" download aria-describedby=\"wp-block-file--media-5209901b-e4bd-49a3-a9a8-e0e5e9b74ac2\">Pobierz<\/a><\/div>\n\n\n\n<p>Komunikat dyrektora Centralnej Komisji Egzaminacyjnej z 20 sierpnia 2025 r. w sprawie materia\u0142\u00f3w i przybor\u00f3w pomocniczych, z kt\u00f3rych mog\u0105 korzysta\u0107 zdaj\u0105cy na egzaminie \u00f3smoklasisty w 2026 roku<\/p>\n\n\n\n<div data-wp-interactive=\"core\/file\" class=\"wp-block-file\"><object data-wp-bind--hidden=\"!state.hasPdfPreview\" hidden class=\"wp-block-file__embed\" data=\"http:\/\/splubiszewo.pl\/wp-content\/uploads\/2025\/09\/20250820-E8_EM-Komunikat-o-przyborach-2026.pdf\" type=\"application\/pdf\" style=\"width:100%;height:600px\" aria-label=\"Osadzone z 20250820 E8_EM Komunikat o przyborach 2026.\"><\/object><a id=\"wp-block-file--media-0bdcac74-7639-4b74-9e41-ae7829f7bf61\" href=\"http:\/\/splubiszewo.pl\/wp-content\/uploads\/2025\/09\/20250820-E8_EM-Komunikat-o-przyborach-2026.pdf\">20250820 E8_EM Komunikat o przyborach 2026<\/a><a href=\"http:\/\/splubiszewo.pl\/wp-content\/uploads\/2025\/09\/20250820-E8_EM-Komunikat-o-przyborach-2026.pdf\" class=\"wp-block-file__button wp-element-button\" download aria-describedby=\"wp-block-file--media-0bdcac74-7639-4b74-9e41-ae7829f7bf61\">Pobierz<\/a><\/div>\n","protected":false},"excerpt":{"rendered":"<p>Poni\u017cej wa\u017cne informacje dotycz\u0105ce egzaminu \u00f3smoklasisty 2026. Zach\u0119camy do odwiedzania stron www.cke.gov.pl www.oke.gda.pl Informacja o sposobie organizacji i przeprowadzania egzaminu<\/p>\n","protected":false},"author":3,"featured_media":0,"parent":0,"menu_order":0,"comment_status":"closed","ping_status":"closed","template":"","meta":{"colormag_page_container_layout":"default_layout","colormag_page_sidebar_layout":"default_layout","footnotes":""},"class_list":["post-791","page","type-page","status-publish","hentry"],"_links":{"self":[{"href":"http:\/\/splubiszewo.pl\/index.php?rest_route=\/wp\/v2\/pages\/791","targetHints":{"allow":["GET"]}}],"collection":[{"href":"http:\/\/splubiszewo.pl\/index.php?rest_route=\/wp\/v2\/pages"}],"about":[{"href":"http:\/\/splubiszewo.pl\/index.php?rest_route=\/wp\/v2\/types\/page"}],"author":[{"embeddable":true,"href":"http:\/\/splubiszewo.pl\/index.php?rest_route=\/wp\/v2\/users\/3"}],"replies":[{"embeddable":true,"href":"http:\/\/splubiszewo.pl\/index.php?rest_route=%2Fwp%2Fv2%2Fcomments&post=791"}],"version-history":[{"count":2,"href":"http:\/\/splubiszewo.pl\/index.php?rest_route=\/wp\/v2\/pages\/791\/revisions"}],"predecessor-version":[{"id":2902,"href":"http:\/\/splubiszewo.pl\/index.php?rest_route=\/wp\/v2\/pages\/791\/revisions\/2902"}],"wp:attachment":[{"href":"http:\/\/splubiszewo.pl\/index.php?rest_route=%2Fwp%2Fv2%2Fmedia&parent=791"}],"curies":[{"name":"wp","href":"https:\/\/api.w.org\/{rel}","templated":true}]}}