{"id":613,"date":"2020-03-13T14:16:32","date_gmt":"2020-03-13T14:16:32","guid":{"rendered":"http:\/\/splubiszewo.pl\/?page_id=613"},"modified":"2026-03-25T09:15:58","modified_gmt":"2026-03-25T09:15:58","slug":"orlik","status":"publish","type":"page","link":"http:\/\/splubiszewo.pl\/?page_id=613","title":{"rendered":"Rekrutacja 2026\/2027"},"content":{"rendered":"\n<p><\/p>\n\n\n\n<div data-wp-interactive=\"core\/file\" class=\"wp-block-file\"><object data-wp-bind--hidden=\"!state.hasPdfPreview\" hidden class=\"wp-block-file__embed\" data=\"http:\/\/splubiszewo.pl\/wp-content\/uploads\/2026\/03\/lista-przyjetych-i-nieprzyjetych.pdf\" type=\"application\/pdf\" style=\"width:100%;height:600px\" aria-label=\"Osadzone z lista przyj\u0119tych i nieprzyj\u0119tych.\"><\/object><a id=\"wp-block-file--media-6ee16524-53d7-4a87-9409-3a9b1aaaf5f5\" href=\"http:\/\/splubiszewo.pl\/wp-content\/uploads\/2026\/03\/lista-przyjetych-i-nieprzyjetych.pdf\">lista przyj\u0119tych i nieprzyj\u0119tych<\/a><a href=\"http:\/\/splubiszewo.pl\/wp-content\/uploads\/2026\/03\/lista-przyjetych-i-nieprzyjetych.pdf\" class=\"wp-block-file__button wp-element-button\" download aria-describedby=\"wp-block-file--media-6ee16524-53d7-4a87-9409-3a9b1aaaf5f5\">Pobierz<\/a><\/div>\n\n\n\n<p><\/p>\n\n\n\n<div data-wp-interactive=\"core\/file\" class=\"wp-block-file\"><object data-wp-bind--hidden=\"!state.hasPdfPreview\" hidden class=\"wp-block-file__embed\" data=\"http:\/\/splubiszewo.pl\/wp-content\/uploads\/2026\/03\/zakwalifikowanii-niezakfalifikowani.pdf\" type=\"application\/pdf\" style=\"width:100%;height:600px\" aria-label=\"Osadzone z zakwalifikowanii niezakfalifikowani.\"><\/object><a id=\"wp-block-file--media-2f296de8-fbb2-48e3-8dac-b86589d8d3b1\" href=\"http:\/\/splubiszewo.pl\/wp-content\/uploads\/2026\/03\/zakwalifikowanii-niezakfalifikowani.pdf\">zakwalifikowanii niezakfalifikowani<\/a><a href=\"http:\/\/splubiszewo.pl\/wp-content\/uploads\/2026\/03\/zakwalifikowanii-niezakfalifikowani.pdf\" class=\"wp-block-file__button wp-element-button\" download aria-describedby=\"wp-block-file--media-2f296de8-fbb2-48e3-8dac-b86589d8d3b1\">Pobierz<\/a><\/div>\n\n\n\n<p><\/p>\n\n\n\n<p>Ju\u017c 2 lutego 2026 r. do 16 lutego rusza rekrutacja do oddzia\u0142\u00f3w przedszkolnych i klasy I. Liczba wolnych miejsc w oddzia\u0142ach przedszkolnych &#8211; 20.<\/p>\n\n\n\n<p>Procedura i wymagane dokumenty poni\u017cej<\/p>\n\n\n\n<div data-wp-interactive=\"core\/file\" class=\"wp-block-file\"><object data-wp-bind--hidden=\"!state.hasPdfPreview\" hidden class=\"wp-block-file__embed\" data=\"http:\/\/splubiszewo.pl\/wp-content\/uploads\/2026\/01\/SKMBT_C36026011616510.pdf\" type=\"application\/pdf\" style=\"width:100%;height:600px\" aria-label=\"Osadzone z SKMBT_C36026011616510.\"><\/object><a id=\"wp-block-file--media-0024f7e2-3f63-487d-95da-9f0d98e9d416\" href=\"http:\/\/splubiszewo.pl\/wp-content\/uploads\/2026\/01\/SKMBT_C36026011616510.pdf\">SKMBT_C36026011616510<\/a><a href=\"http:\/\/splubiszewo.pl\/wp-content\/uploads\/2026\/01\/SKMBT_C36026011616510.pdf\" class=\"wp-block-file__button wp-element-button\" download aria-describedby=\"wp-block-file--media-0024f7e2-3f63-487d-95da-9f0d98e9d416\">Pobierz<\/a><\/div>\n\n\n\n<div data-wp-interactive=\"core\/file\" class=\"wp-block-file\"><object data-wp-bind--hidden=\"!state.hasPdfPreview\" hidden class=\"wp-block-file__embed\" data=\"http:\/\/splubiszewo.pl\/wp-content\/uploads\/2026\/01\/procedura-rekrutacji-przedszkole.pdf\" type=\"application\/pdf\" style=\"width:100%;height:600px\" aria-label=\"Osadzone z procedura rekrutacji przedszkole.\"><\/object><a id=\"wp-block-file--media-6618c29a-5e7b-4433-8df9-168a153fe0ee\" href=\"http:\/\/splubiszewo.pl\/wp-content\/uploads\/2026\/01\/procedura-rekrutacji-przedszkole.pdf\">procedura rekrutacji przedszkole<\/a><a href=\"http:\/\/splubiszewo.pl\/wp-content\/uploads\/2026\/01\/procedura-rekrutacji-przedszkole.pdf\" class=\"wp-block-file__button wp-element-button\" download aria-describedby=\"wp-block-file--media-6618c29a-5e7b-4433-8df9-168a153fe0ee\">Pobierz<\/a><\/div>\n\n\n\n<div data-wp-interactive=\"core\/file\" class=\"wp-block-file\"><object data-wp-bind--hidden=\"!state.hasPdfPreview\" hidden class=\"wp-block-file__embed\" data=\"http:\/\/splubiszewo.pl\/wp-content\/uploads\/2026\/01\/Zalacznik-6p-Wniosek-rekrutacyjny-do-oddzialu-przedszkolnego.pdf\" type=\"application\/pdf\" style=\"width:100%;height:600px\" aria-label=\"Osadzone z Za\u0142\u0105cznik 6p Wniosek rekrutacyjny do oddzia\u0142u przedszkolnego.\"><\/object><a id=\"wp-block-file--media-0e6c053f-0eae-4ad7-9e1b-03d6b0be25f3\" href=\"http:\/\/splubiszewo.pl\/wp-content\/uploads\/2026\/01\/Zalacznik-6p-Wniosek-rekrutacyjny-do-oddzialu-przedszkolnego.pdf\">Za\u0142\u0105cznik 6p Wniosek rekrutacyjny do oddzia\u0142u przedszkolnego<\/a><a href=\"http:\/\/splubiszewo.pl\/wp-content\/uploads\/2026\/01\/Zalacznik-6p-Wniosek-rekrutacyjny-do-oddzialu-przedszkolnego.pdf\" class=\"wp-block-file__button wp-element-button\" download aria-describedby=\"wp-block-file--media-0e6c053f-0eae-4ad7-9e1b-03d6b0be25f3\">Pobierz<\/a><\/div>\n\n\n\n<div data-wp-interactive=\"core\/file\" class=\"wp-block-file\"><object data-wp-bind--hidden=\"!state.hasPdfPreview\" hidden class=\"wp-block-file__embed\" data=\"http:\/\/splubiszewo.pl\/wp-content\/uploads\/2026\/01\/o-zatrudnieniu.pdf\" type=\"application\/pdf\" style=\"width:100%;height:600px\" aria-label=\"Osadzone z o zatrudnieniu.\"><\/object><a id=\"wp-block-file--media-5f8fe586-2c1c-4fee-ab83-dd55200e63e3\" href=\"http:\/\/splubiszewo.pl\/wp-content\/uploads\/2026\/01\/o-zatrudnieniu.pdf\">o zatrudnieniu<\/a><a href=\"http:\/\/splubiszewo.pl\/wp-content\/uploads\/2026\/01\/o-zatrudnieniu.pdf\" class=\"wp-block-file__button wp-element-button\" download aria-describedby=\"wp-block-file--media-5f8fe586-2c1c-4fee-ab83-dd55200e63e3\">Pobierz<\/a><\/div>\n\n\n\n<div data-wp-interactive=\"core\/file\" class=\"wp-block-file\"><object data-wp-bind--hidden=\"!state.hasPdfPreview\" hidden class=\"wp-block-file__embed\" data=\"http:\/\/splubiszewo.pl\/wp-content\/uploads\/2026\/01\/Zalacznik-7p-Oswiadczenie-o-wych.-w-rodz.-wielodzietnej.pdf\" type=\"application\/pdf\" style=\"width:100%;height:600px\" aria-label=\"Osadzone z Za\u0142\u0105cznik 7p O\u015bwiadczenie o wych. w rodz. wielodzietnej.\"><\/object><a id=\"wp-block-file--media-bea872c5-81d9-40cc-9507-c250215514d6\" href=\"http:\/\/splubiszewo.pl\/wp-content\/uploads\/2026\/01\/Zalacznik-7p-Oswiadczenie-o-wych.-w-rodz.-wielodzietnej.pdf\">Za\u0142\u0105cznik 7p O\u015bwiadczenie o wych. w rodz. wielodzietnej<\/a><a href=\"http:\/\/splubiszewo.pl\/wp-content\/uploads\/2026\/01\/Zalacznik-7p-Oswiadczenie-o-wych.-w-rodz.-wielodzietnej.pdf\" class=\"wp-block-file__button wp-element-button\" download aria-describedby=\"wp-block-file--media-bea872c5-81d9-40cc-9507-c250215514d6\">Pobierz<\/a><\/div>\n\n\n\n<div data-wp-interactive=\"core\/file\" class=\"wp-block-file\"><object data-wp-bind--hidden=\"!state.hasPdfPreview\" hidden class=\"wp-block-file__embed\" data=\"http:\/\/splubiszewo.pl\/wp-content\/uploads\/2026\/01\/Zalacznik-11p-Deklaracja-o-8-godzinnym-pobycie-dziecka.pdf\" type=\"application\/pdf\" style=\"width:100%;height:600px\" aria-label=\"Osadzone z Za\u0142\u0105cznik 11p Deklaracja o 8 godzinnym pobycie dziecka.\"><\/object><a id=\"wp-block-file--media-05a22637-6d08-4b52-a92e-f7ff33f07489\" href=\"http:\/\/splubiszewo.pl\/wp-content\/uploads\/2026\/01\/Zalacznik-11p-Deklaracja-o-8-godzinnym-pobycie-dziecka.pdf\">Za\u0142\u0105cznik 11p Deklaracja o 8 godzinnym pobycie dziecka<\/a><a href=\"http:\/\/splubiszewo.pl\/wp-content\/uploads\/2026\/01\/Zalacznik-11p-Deklaracja-o-8-godzinnym-pobycie-dziecka.pdf\" class=\"wp-block-file__button wp-element-button\" download aria-describedby=\"wp-block-file--media-05a22637-6d08-4b52-a92e-f7ff33f07489\">Pobierz<\/a><\/div>\n\n\n\n<div data-wp-interactive=\"core\/file\" class=\"wp-block-file\"><object data-wp-bind--hidden=\"!state.hasPdfPreview\" hidden class=\"wp-block-file__embed\" data=\"http:\/\/splubiszewo.pl\/wp-content\/uploads\/2026\/01\/Zalacznik-10p-Deklaracja-o-9-lub10-godzinnym-pobycie-dziecka.pdf\" type=\"application\/pdf\" style=\"width:100%;height:600px\" aria-label=\"Osadzone z Za\u0142\u0105cznik 10p Deklaracja o 9 lub10 godzinnym pobycie dziecka.\"><\/object><a id=\"wp-block-file--media-7072ed54-fa4c-46d0-94a1-ac2241e42848\" href=\"http:\/\/splubiszewo.pl\/wp-content\/uploads\/2026\/01\/Zalacznik-10p-Deklaracja-o-9-lub10-godzinnym-pobycie-dziecka.pdf\">Za\u0142\u0105cznik 10p Deklaracja o 9 lub10 godzinnym pobycie dziecka<\/a><a href=\"http:\/\/splubiszewo.pl\/wp-content\/uploads\/2026\/01\/Zalacznik-10p-Deklaracja-o-9-lub10-godzinnym-pobycie-dziecka.pdf\" class=\"wp-block-file__button wp-element-button\" download aria-describedby=\"wp-block-file--media-7072ed54-fa4c-46d0-94a1-ac2241e42848\">Pobierz<\/a><\/div>\n\n\n\n<div data-wp-interactive=\"core\/file\" class=\"wp-block-file\"><object data-wp-bind--hidden=\"!state.hasPdfPreview\" hidden class=\"wp-block-file__embed\" data=\"http:\/\/splubiszewo.pl\/wp-content\/uploads\/2026\/01\/18p-potwierdzenie-woli-przyjecia.pdf\" type=\"application\/pdf\" style=\"width:100%;height:600px\" aria-label=\"Osadzone z 18p potwierdzenie woli przyj\u0119cia.\"><\/object><a id=\"wp-block-file--media-1d4038c9-f4fc-4f3d-b836-ef22b971168a\" href=\"http:\/\/splubiszewo.pl\/wp-content\/uploads\/2026\/01\/18p-potwierdzenie-woli-przyjecia.pdf\">18p potwierdzenie woli przyj\u0119cia<\/a><a href=\"http:\/\/splubiszewo.pl\/wp-content\/uploads\/2026\/01\/18p-potwierdzenie-woli-przyjecia.pdf\" class=\"wp-block-file__button wp-element-button\" download aria-describedby=\"wp-block-file--media-1d4038c9-f4fc-4f3d-b836-ef22b971168a\">Pobierz<\/a><\/div>\n\n\n\n<div data-wp-interactive=\"core\/file\" class=\"wp-block-file\"><object data-wp-bind--hidden=\"!state.hasPdfPreview\" hidden class=\"wp-block-file__embed\" data=\"http:\/\/splubiszewo.pl\/wp-content\/uploads\/2026\/01\/rekrutacja-klasa1-2026-2027.pdf\" type=\"application\/pdf\" style=\"width:100%;height:600px\" aria-label=\"Osadzone z rekrutacja klasa1 2026-2027.\"><\/object><a id=\"wp-block-file--media-e4cf2632-ba0a-4d21-972c-259435c4fda3\" href=\"http:\/\/splubiszewo.pl\/wp-content\/uploads\/2026\/01\/rekrutacja-klasa1-2026-2027.pdf\">rekrutacja klasa1 2026-2027<\/a><a href=\"http:\/\/splubiszewo.pl\/wp-content\/uploads\/2026\/01\/rekrutacja-klasa1-2026-2027.pdf\" class=\"wp-block-file__button wp-element-button\" download aria-describedby=\"wp-block-file--media-e4cf2632-ba0a-4d21-972c-259435c4fda3\">Pobierz<\/a><\/div>\n\n\n\n<div data-wp-interactive=\"core\/file\" class=\"wp-block-file\"><object data-wp-bind--hidden=\"!state.hasPdfPreview\" hidden class=\"wp-block-file__embed\" data=\"http:\/\/splubiszewo.pl\/wp-content\/uploads\/2026\/01\/Zgloszenie-ucznia-z-obwodu-szkoly.pdf\" type=\"application\/pdf\" style=\"width:100%;height:600px\" aria-label=\"Osadzone z Zg\u0142oszenie ucznia z obwodu szko\u0142y.\"><\/object><a id=\"wp-block-file--media-ec8aba3f-b743-441f-9570-2b6c4d402a6e\" href=\"http:\/\/splubiszewo.pl\/wp-content\/uploads\/2026\/01\/Zgloszenie-ucznia-z-obwodu-szkoly.pdf\">Zg\u0142oszenie ucznia z obwodu szko\u0142y<\/a><a href=\"http:\/\/splubiszewo.pl\/wp-content\/uploads\/2026\/01\/Zgloszenie-ucznia-z-obwodu-szkoly.pdf\" class=\"wp-block-file__button wp-element-button\" download aria-describedby=\"wp-block-file--media-ec8aba3f-b743-441f-9570-2b6c4d402a6e\">Pobierz<\/a><\/div>\n\n\n\n<div data-wp-interactive=\"core\/file\" class=\"wp-block-file\"><object data-wp-bind--hidden=\"!state.hasPdfPreview\" hidden class=\"wp-block-file__embed\" data=\"http:\/\/splubiszewo.pl\/wp-content\/uploads\/2026\/01\/Wniosek-o-przyjecie-do-kl.-I-spoza-obwodu.pdf\" type=\"application\/pdf\" style=\"width:100%;height:600px\" aria-label=\"Osadzone z Wniosek o przyj\u0119cie do kl. I spoza obwodu.\"><\/object><a id=\"wp-block-file--media-3a889aa6-67a1-4a9c-94ad-3751e486a181\" href=\"http:\/\/splubiszewo.pl\/wp-content\/uploads\/2026\/01\/Wniosek-o-przyjecie-do-kl.-I-spoza-obwodu.pdf\">Wniosek o przyj\u0119cie do kl. I spoza obwodu<\/a><a href=\"http:\/\/splubiszewo.pl\/wp-content\/uploads\/2026\/01\/Wniosek-o-przyjecie-do-kl.-I-spoza-obwodu.pdf\" class=\"wp-block-file__button wp-element-button\" download aria-describedby=\"wp-block-file--media-3a889aa6-67a1-4a9c-94ad-3751e486a181\">Pobierz<\/a><\/div>\n\n\n\n<div class=\"wp-block-file\"><a id=\"wp-block-file--media-ee0fbbe8-625f-4ede-a6a2-5cd6b5f2cbcb\" href=\"http:\/\/splubiszewo.pl\/wp-content\/uploads\/2026\/01\/Oswiadczenie-zamieszkanie-na-terenie-gminy.docx\">O\u015bwiadczenie-zamieszkanie na terenie gminy<\/a><a href=\"http:\/\/splubiszewo.pl\/wp-content\/uploads\/2026\/01\/Oswiadczenie-zamieszkanie-na-terenie-gminy.docx\" class=\"wp-block-file__button wp-element-button\" download aria-describedby=\"wp-block-file--media-ee0fbbe8-625f-4ede-a6a2-5cd6b5f2cbcb\">Pobierz<\/a><\/div>\n","protected":false},"excerpt":{"rendered":"<p>Ju\u017c 2 lutego 2026 r. do 16 lutego rusza rekrutacja do oddzia\u0142\u00f3w przedszkolnych i klasy I. Liczba wolnych miejsc w<\/p>\n","protected":false},"author":3,"featured_media":0,"parent":0,"menu_order":0,"comment_status":"closed","ping_status":"closed","template":"","meta":{"colormag_page_container_layout":"default_layout","colormag_page_sidebar_layout":"default_layout","footnotes":""},"class_list":["post-613","page","type-page","status-publish","hentry"],"_links":{"self":[{"href":"http:\/\/splubiszewo.pl\/index.php?rest_route=\/wp\/v2\/pages\/613","targetHints":{"allow":["GET"]}}],"collection":[{"href":"http:\/\/splubiszewo.pl\/index.php?rest_route=\/wp\/v2\/pages"}],"about":[{"href":"http:\/\/splubiszewo.pl\/index.php?rest_route=\/wp\/v2\/types\/page"}],"author":[{"embeddable":true,"href":"http:\/\/splubiszewo.pl\/index.php?rest_route=\/wp\/v2\/users\/3"}],"replies":[{"embeddable":true,"href":"http:\/\/splubiszewo.pl\/index.php?rest_route=%2Fwp%2Fv2%2Fcomments&post=613"}],"version-history":[{"count":3,"href":"http:\/\/splubiszewo.pl\/index.php?rest_route=\/wp\/v2\/pages\/613\/revisions"}],"predecessor-version":[{"id":3005,"href":"http:\/\/splubiszewo.pl\/index.php?rest_route=\/wp\/v2\/pages\/613\/revisions\/3005"}],"wp:attachment":[{"href":"http:\/\/splubiszewo.pl\/index.php?rest_route=%2Fwp%2Fv2%2Fmedia&parent=613"}],"curies":[{"name":"wp","href":"https:\/\/api.w.org\/{rel}","templated":true}]}}