{"id":278,"date":"2020-03-01T12:51:39","date_gmt":"2020-03-01T12:51:39","guid":{"rendered":"http:\/\/splubiszewo.pl\/?page_id=278"},"modified":"2025-09-25T20:37:01","modified_gmt":"2025-09-25T20:37:01","slug":"harmonogram-spotkan-z-rodzicami-w-roku-szkolnym-2019-2020","status":"publish","type":"page","link":"http:\/\/splubiszewo.pl\/?page_id=278","title":{"rendered":"HARMONOGRAM SPOTKA\u0143 Z RODZICAMI  W ROKU SZKOLNYM 2025\/2026"},"content":{"rendered":"\n<p>Terminy mog\u0105 ulec zmianie  zgodnie z potrzebami<\/p>\n\n\n\n<p>Zebrania z rodzicami:<\/p>\n\n\n\n<p>10 wrze\u015bnia,<\/p>\n\n\n\n<p>19 listopada<\/p>\n\n\n\n<p>17 grudnia \u2013 konsultacje dla rodzic\u00f3w<\/p>\n\n\n\n<p>15 stycznia<\/p>\n\n\n\n<p>25 marca<\/p>\n\n\n\n<p>6 maja \u2013 konsultacje dla rodzic\u00f3w, w szczeg\u00f3lno\u015bci 8 klasy<\/p>\n\n\n\n<p>3 czerwca<\/p>\n\n\n\n<p><\/p>\n\n\n\n<figure class=\"wp-block-gallery has-nested-images columns-default is-cropped wp-block-gallery-1 is-layout-flex wp-block-gallery-is-layout-flex\"><\/figure>\n","protected":false},"excerpt":{"rendered":"<p>Terminy mog\u0105 ulec zmianie zgodnie z potrzebami Zebrania z rodzicami: 10 wrze\u015bnia, 19 listopada 17 grudnia \u2013 konsultacje dla rodzic\u00f3w<\/p>\n","protected":false},"author":3,"featured_media":0,"parent":0,"menu_order":0,"comment_status":"closed","ping_status":"closed","template":"","meta":{"colormag_page_container_layout":"default_layout","colormag_page_sidebar_layout":"default_layout","footnotes":""},"class_list":["post-278","page","type-page","status-publish","hentry"],"_links":{"self":[{"href":"http:\/\/splubiszewo.pl\/index.php?rest_route=\/wp\/v2\/pages\/278","targetHints":{"allow":["GET"]}}],"collection":[{"href":"http:\/\/splubiszewo.pl\/index.php?rest_route=\/wp\/v2\/pages"}],"about":[{"href":"http:\/\/splubiszewo.pl\/index.php?rest_route=\/wp\/v2\/types\/page"}],"author":[{"embeddable":true,"href":"http:\/\/splubiszewo.pl\/index.php?rest_route=\/wp\/v2\/users\/3"}],"replies":[{"embeddable":true,"href":"http:\/\/splubiszewo.pl\/index.php?rest_route=%2Fwp%2Fv2%2Fcomments&post=278"}],"version-history":[{"count":2,"href":"http:\/\/splubiszewo.pl\/index.php?rest_route=\/wp\/v2\/pages\/278\/revisions"}],"predecessor-version":[{"id":2917,"href":"http:\/\/splubiszewo.pl\/index.php?rest_route=\/wp\/v2\/pages\/278\/revisions\/2917"}],"wp:attachment":[{"href":"http:\/\/splubiszewo.pl\/index.php?rest_route=%2Fwp%2Fv2%2Fmedia&parent=278"}],"curies":[{"name":"wp","href":"https:\/\/api.w.org\/{rel}","templated":true}]}}