{"id":1448,"date":"2021-03-24T17:25:51","date_gmt":"2021-03-24T17:25:51","guid":{"rendered":"http:\/\/splubiszewo.pl\/?page_id=1448"},"modified":"2021-03-24T17:29:37","modified_gmt":"2021-03-24T17:29:37","slug":"deklaracja-dostepnosci-2","status":"publish","type":"page","link":"http:\/\/splubiszewo.pl\/?page_id=1448","title":{"rendered":"DEKLARACJA DOST\u0118PNO\u015aCI"},"content":{"rendered":"\n<p><strong>Deklaracja dost\u0119pno\u015bci&nbsp;&nbsp;&nbsp;&nbsp;&nbsp;&nbsp;&nbsp;&nbsp;&nbsp;&nbsp;&nbsp;&nbsp;&nbsp;&nbsp;&nbsp;&nbsp;&nbsp;&nbsp;&nbsp;&nbsp;&nbsp;&nbsp;&nbsp;&nbsp;&nbsp;&nbsp;&nbsp;&nbsp;&nbsp;&nbsp;&nbsp;&nbsp;&nbsp;&nbsp;&nbsp;&nbsp;&nbsp;&nbsp;&nbsp;&nbsp;&nbsp;&nbsp;&nbsp;&nbsp;&nbsp;&nbsp;&nbsp;&nbsp;&nbsp;&nbsp;&nbsp;&nbsp;&nbsp;&nbsp;&nbsp;&nbsp;&nbsp;&nbsp;&nbsp;&nbsp;&nbsp;&nbsp;&nbsp;&nbsp;&nbsp;&nbsp;&nbsp;&nbsp;&nbsp;&nbsp;&nbsp;&nbsp;&nbsp;&nbsp;&nbsp;&nbsp;&nbsp;&nbsp;&nbsp;&nbsp;&nbsp;&nbsp;&nbsp;&nbsp;&nbsp;&nbsp;&nbsp;&nbsp;&nbsp;&nbsp;&nbsp;&nbsp;&nbsp;&nbsp;&nbsp;&nbsp;&nbsp;&nbsp;&nbsp;&nbsp;&nbsp;&nbsp;&nbsp;&nbsp;&nbsp;&nbsp;&nbsp;&nbsp;&nbsp;&nbsp;&nbsp;&nbsp;&nbsp;&nbsp;&nbsp;&nbsp;&nbsp;&nbsp;&nbsp;&nbsp;&nbsp;&nbsp;&nbsp; <\/strong><\/p>\n\n\n\n<p class=\"has-text-align-left\"><strong>Szko\u0142a Podstawowa w Lubiszewie<\/strong><\/p>\n\n\n\n<p>Szko\u0142a Podstawowa w Lubiszewie zobowi\u0105zuje si\u0119 zapewni\u0107 dost\u0119pno\u015b\u0107 swojej strony internetowej zgodnie z ustaw\u0105 z dnia 4 kwietnia 2019 r. o dost\u0119pno\u015bci cyfrowej stron internetowych i aplikacji mobilnych podmiot\u00f3w publicznych. O\u015bwiadczenie w sprawie dost\u0119pno\u015bci ma zastosowanie do serwisu internetowego Szko\u0142y Podstawowej w Lubiszewie.<\/p>\n\n\n\n<p>Data publikacji strony internetowej: 01.09.2019<\/p>\n\n\n\n<p>Data ostatniej aktualizacji: 23.03.2021<\/p>\n\n\n\n<p>Strona internetowa jest zgodna z ustaw\u0105 o dost\u0119pno\u015bci cyfrowej stron internetowych i aplikacji mobilnych podmiot\u00f3w publicznych z powodu niezgodno\u015bci lub wy\u0142\u0105cze\u0144 wymienionych poni\u017cej.<\/p>\n\n\n\n<p>Mog\u0105 zdarzy\u0107 si\u0119 sytuacje, \u017ce niekt\u00f3re dokumenty opublikowane na stronie s\u0105 niezgodne  z uwagi na fakt, \u017ce:<\/p>\n\n\n\n<p>1)&nbsp;&nbsp;&nbsp;&nbsp;&nbsp; pochodz\u0105 z r\u00f3\u017cnych \u017ar\u00f3de\u0142 (np. skan dokument\u00f3w tekstowych nie jest mo\u017cliwy &nbsp;do odczytania przez OCR, a powinien posiada\u0107 struktur\u0119 znacznik\u00f3w, czyli tagowanie),<\/p>\n\n\n\n<p>2)&nbsp;&nbsp;&nbsp;&nbsp;&nbsp; zosta\u0142y opublikowane w oparciu o zasady przyj\u0119te w innej instytucji,<\/p>\n\n\n\n<p>3)&nbsp;&nbsp;&nbsp;&nbsp;&nbsp; zosta\u0142y opublikowane przed wej\u015bciem w \u017cycie ustawy o dost\u0119pno\u015bci cyfrowej.<\/p>\n\n\n\n<p>Deklaracj\u0119 sporz\u0105dzono dnia: 24.03.2021<\/p>\n\n\n\n<p>Deklaracj\u0119 sporz\u0105dzono na podstawie samooceny przeprowadzonej przez podmiot publiczny.<\/p>\n\n\n\n<p>Na stronie internetowej mo\u017cna korzysta\u0107 z panelu dost\u0119pno\u015bci:<\/p>\n\n\n\n<ol class=\"wp-block-list\" type=\"1\"><li><a href=\"http:\/\/splubiszewo.pl\/\">Zwi\u0119ksz Tekst<\/a><\/li><li><a href=\"http:\/\/splubiszewo.pl\/\">Zmniejsz Tekst<\/a><\/li><li><a href=\"http:\/\/splubiszewo.pl\/\">Strona w szaro\u015bci<\/a><\/li><li><a href=\"http:\/\/splubiszewo.pl\/\">Wysoki kontrast<\/a><\/li><li><a href=\"http:\/\/splubiszewo.pl\/\">Kontrast<\/a><\/li><li><a href=\"http:\/\/splubiszewo.pl\/\">Jasne t\u0142o<\/a><\/li><li><a href=\"http:\/\/splubiszewo.pl\/\">Podkre\u015blenie link\u00f3w<\/a><\/li><li><a href=\"http:\/\/splubiszewo.pl\/\">Regularna czcionka<\/a><\/li><li><a href=\"http:\/\/splubiszewo.pl\/\">Reset<\/a><\/li><\/ol>\n\n\n\n<p><strong>Informacje zwrotne i dane kontaktowe<\/strong><\/p>\n\n\n\n<p>W przypadku problem\u00f3w z dost\u0119pno\u015bci\u0105 strony internetowej prosimy o kontakt. Adres poczty elektronicznej: splubiszewo@wp.pl<\/p>\n\n\n\n<p>Kontaktowa\u0107 si\u0119 mo\u017cna tak\u017ce dzwoni\u0105c na numer telefonu (058) 536-99-92.<\/p>\n\n\n\n<p>T\u0105 sam\u0105 drog\u0105 mo\u017cna sk\u0142ada\u0107 wnioski o udost\u0119pnienie informacji niedost\u0119pnej oraz sk\u0142ada\u0107 skargi na brak zapewnienia dost\u0119pno\u015bci. Ponadto powo\u0142ano koordynatora ds. dost\u0119pno\u015bci \u2013 Pani\u0105 Adrian\u0119 G\u0142uchowsk\u0105, adres e-mail: iod@gmina-tczew.pl&nbsp;<\/p>\n\n\n\n<p><strong>Dost\u0119pno\u015b\u0107 architektoniczna<\/strong><\/p>\n\n\n\n<p>Szko\u0142a Podstawowa w Lubiszewie, ul. Sambora 3, 83-112 Lubiszewo Tczewskie.<\/p>\n\n\n\n<p>Szko\u0142a Podstawowa w Lubiszewie mie\u015bci si\u0119 w jednokondygnacyjnym budynku.&nbsp;Do budynku szko\u0142y prowadz\u0105 2 wej\u015bcia.<\/p>\n\n\n\n<p>Jedno wej\u015bcie do szko\u0142y posiada podjazd dla os\u00f3b niepe\u0142nosprawnych. W szkole znajduje si\u0119 jedna toaleta dostosowana do potrzeb os\u00f3b niepe\u0142nosprawnych.<\/p>\n\n\n\n<p>W budynku nie ma oznacze\u0144 w alfabecie <em>Braille`a<\/em> ani oznacze\u0144 kontrastowych lub w druku powi\u0119kszonym dla os\u00f3b niewidomych i s\u0142abowidz\u0105cych.<\/p>\n\n\n\n<p><strong>Dostosowanie korytarzy<\/strong><\/p>\n\n\n\n<p>Szeroko\u015b\u0107 ci\u0105g\u00f3w komunikacyjnych umo\u017cliwia poruszanie si\u0119 os\u00f3b niepe\u0142nosprawnych na w\u00f3zkach.<\/p>\n\n\n\n<p><strong>Dost\u0119pno\u015b\u0107 informacji g\u0142osowych<\/strong><\/p>\n\n\n\n<p>Brak.<\/p>\n\n\n\n<p><strong>Dost\u0119pno\u015b\u0107 p\u0119tli indukcyjnych<\/strong><\/p>\n\n\n\n<p>Brak.<\/p>\n\n\n\n<p><strong>Prawo wst\u0119pu z psem asystuj\u0105cym<\/strong><\/p>\n\n\n\n<p>Do budynku szko\u0142y i wszystkich jego pomieszcze\u0144 mo\u017cna wej\u015b\u0107 z psem asystuj\u0105cym i psem przewodnikiem.<\/p>\n\n\n\n<p><strong>Dost\u0119pno\u015b\u0107 t\u0142umacza j\u0119zyka migowego<\/strong><\/p>\n\n\n\n<p>Dost\u0119pny t\u0142umacz j\u0119zyka migowego po uprzednim zg\u0142oszeniu. Osoba uprawniona jest zobowi\u0105zana zg\u0142osi\u0107 ch\u0119\u0107 skorzystania ze \u015bwiadczenia, co najmniej 5 dni roboczych przed tym zdarzeniem. Korzystanie z us\u0142ugi jest bezp\u0142atne dla osoby uprawnionej, b\u0119d\u0105cej osob\u0105 niepe\u0142nosprawn\u0105, w rozumieniu ustawy z dnia 27 sierpnia 1997 r. o rehabilitacji zawodowej &nbsp;i spo\u0142ecznej oraz zatrudnianiu os\u00f3b niepe\u0142nosprawnych.<\/p>\n","protected":false},"excerpt":{"rendered":"<p>Deklaracja dost\u0119pno\u015bci&nbsp;&nbsp;&nbsp;&nbsp;&nbsp;&nbsp;&nbsp;&nbsp;&nbsp;&nbsp;&nbsp;&nbsp;&nbsp;&nbsp;&nbsp;&nbsp;&nbsp;&nbsp;&nbsp;&nbsp;&nbsp;&nbsp;&nbsp;&nbsp;&nbsp;&nbsp;&nbsp;&nbsp;&nbsp;&nbsp;&nbsp;&nbsp;&nbsp;&nbsp;&nbsp;&nbsp;&nbsp;&nbsp;&nbsp;&nbsp;&nbsp;&nbsp;&nbsp;&nbsp;&nbsp;&nbsp;&nbsp;&nbsp;&nbsp;&nbsp;&nbsp;&nbsp;&nbsp;&nbsp;&nbsp;&nbsp;&nbsp;&nbsp;&nbsp;&nbsp;&nbsp;&nbsp;&nbsp;&nbsp;&nbsp;&nbsp;&nbsp;&nbsp;&nbsp;&nbsp;&nbsp;&nbsp;&nbsp;&nbsp;&nbsp;&nbsp;&nbsp;&nbsp;&nbsp;&nbsp;&nbsp;&nbsp;&nbsp;&nbsp;&nbsp;&nbsp;&nbsp;&nbsp;&nbsp;&nbsp;&nbsp;&nbsp;&nbsp;&nbsp;&nbsp;&nbsp;&nbsp;&nbsp;&nbsp;&nbsp;&nbsp;&nbsp;&nbsp;&nbsp;&nbsp;&nbsp;&nbsp;&nbsp;&nbsp;&nbsp;&nbsp;&nbsp;&nbsp;&nbsp;&nbsp;&nbsp;&nbsp;&nbsp;&nbsp;&nbsp;&nbsp;&nbsp;&nbsp; Szko\u0142a Podstawowa w Lubiszewie Szko\u0142a Podstawowa w Lubiszewie zobowi\u0105zuje si\u0119 zapewni\u0107 dost\u0119pno\u015b\u0107 swojej strony internetowej zgodnie z ustaw\u0105<\/p>\n","protected":false},"author":3,"featured_media":0,"parent":0,"menu_order":0,"comment_status":"closed","ping_status":"closed","template":"","meta":{"colormag_page_container_layout":"default_layout","colormag_page_sidebar_layout":"default_layout","footnotes":""},"class_list":["post-1448","page","type-page","status-publish","hentry"],"_links":{"self":[{"href":"http:\/\/splubiszewo.pl\/index.php?rest_route=\/wp\/v2\/pages\/1448","targetHints":{"allow":["GET"]}}],"collection":[{"href":"http:\/\/splubiszewo.pl\/index.php?rest_route=\/wp\/v2\/pages"}],"about":[{"href":"http:\/\/splubiszewo.pl\/index.php?rest_route=\/wp\/v2\/types\/page"}],"author":[{"embeddable":true,"href":"http:\/\/splubiszewo.pl\/index.php?rest_route=\/wp\/v2\/users\/3"}],"replies":[{"embeddable":true,"href":"http:\/\/splubiszewo.pl\/index.php?rest_route=%2Fwp%2Fv2%2Fcomments&post=1448"}],"version-history":[{"count":2,"href":"http:\/\/splubiszewo.pl\/index.php?rest_route=\/wp\/v2\/pages\/1448\/revisions"}],"predecessor-version":[{"id":1450,"href":"http:\/\/splubiszewo.pl\/index.php?rest_route=\/wp\/v2\/pages\/1448\/revisions\/1450"}],"wp:attachment":[{"href":"http:\/\/splubiszewo.pl\/index.php?rest_route=%2Fwp%2Fv2%2Fmedia&parent=1448"}],"curies":[{"name":"wp","href":"https:\/\/api.w.org\/{rel}","templated":true}]}}